{"id":1816,"date":"2026-03-12T23:24:43","date_gmt":"2026-03-12T23:24:43","guid":{"rendered":"https:\/\/capvaxive.ca\/fr\/?page_id=1816"},"modified":"2026-03-25T16:51:24","modified_gmt":"2026-03-25T16:51:24","slug":"renseignements-sur-linnocuite","status":"publish","type":"page","link":"https:\/\/capvaxive.ca\/fr\/renseignements-sur-linnocuite\/","title":{"rendered":"Renseignements sur l\u2019innocuit\u00e9"},"content":{"rendered":"<div class=\"mh-box mh-box--align-medium mh-box--ddc8b9d1e805854f7b03ee7e897c8543 mh-box--no-background-image\">\n    \n<h1  class=\"mh-heading mh-heading--af536249933bcc1778427a0081540594\"><strong>RENSEIGNEMENTS SUR L\u2019INNOCUIT\u00c9<\/strong><\/h1>\n\n\n<div class=\"wp-block-group is-vertical is-layout-flex wp-container-core-group-is-layout-8cf370e7 wp-block-group-is-layout-flex\">\n<p\n    class=\"mh-paragraph mh-paragraph--7bf21f145f255071669ce40268d0fbb0\"\n    >\n    CAPVAXIVE<sup>\u00ae<\/sup> ne doit pas \u00eatre utilis\u00e9 si vous \u00eates allergique (hypersensible) aux substances actives, \u00e0 l\u2019un de ses ingr\u00e9dients ou \u00e0 tout autre vaccin contenant l\u2019anatoxine dipht\u00e9rique.<\/p>\n\n\n\n<p\n    class=\"mh-paragraph mh-paragraph--524c2eb702e73a7b3b30699be7e9bc87\"\n    >\n    Consultez votre professionnel de la sant\u00e9 avant de recevoir CAPVAXIVE<sup>\u00ae<\/sup>, afin de r\u00e9duire la possibilit\u00e9 d\u2019effets ind\u00e9sirables et assurer la bonne utilisation du m\u00e9dicament. Mentionnez \u00e0 votre professionnel de la sant\u00e9 tous vos probl\u00e8mes de sant\u00e9, notamment\u00a0:<\/p>\n<\/div>\n\n\n\n<ul class=\"mh-v2-clist mh-v2-clist--96b88a5994f9c157fca69ae4cbf41e57 mh-v2-clist--dot\"  >\n\n\n<li>\n    toute allergie;    <\/li>\n\n\n\n<li>\n    un syst\u00e8me immunitaire affaibli (cela signifie que votre corps est moins \u00e0 m\u00eame de combattre les infections);    <\/li>\n\n\n\n<li>\n    la prise de certains m\u00e9dicaments ou traitements susceptibles d\u2019affaiblir votre syst\u00e8me immunitaire;    <\/li>\n\n\n\n<li>\n    des probl\u00e8mes de saignements ou une tendance aux ecchymoses (bleus).    <\/li>\n\n<\/ul>\n\n\n\n<p\n    class=\"mh-paragraph mh-paragraph--e21aaad948639ef388b09d3fae57d474\"\n    >\n    Indiquez \u00e0 votre professionnel de la sant\u00e9 si vous\u00a0:<\/p>\n\n\n\n<ul class=\"mh-v2-clist mh-v2-clist--12e6e472189fd5226521918cd4841703 mh-v2-clist--dot\"  >\n\n\n<li>\n    \u00eates enceinte ou pr\u00e9voyez le devenir;    <\/li>\n\n\n\n<li>\n    allaitez ou pr\u00e9voyez le faire.    <\/li>\n\n<\/ul>\n\n\n\n<div class=\"wp-block-group is-vertical is-layout-flex wp-container-core-group-is-layout-8cf370e7 wp-block-group-is-layout-flex\">\n<p\n    class=\"mh-paragraph mh-paragraph--0e2f393ec2082faa2d314ef0d9aa33ca\"\n    >\n    Comme pour tout autre vaccin, CAPVAXIVE<sup>\u00ae<\/sup> peut ne pas conf\u00e9rer une protection compl\u00e8te \u00e0 toutes les personnes qui le re\u00e7oivent. Des effets secondaires et des r\u00e9actions allergiques peuvent survenir.<\/p>\n\n\n\n<p\n    class=\"mh-paragraph mh-paragraph--db5d45cc435f8f89d4cfeadcaa919daa\"\n    >\n    Effets secondaires fr\u00e9quents, qui pourraient survenir chez plus de 1\u00a0sujet sur 10\u00a0:<\/p>\n<\/div>\n\n\n\n<ul class=\"mh-v2-clist mh-v2-clist--eb8bae6efe51065668e0fba1367e7fb1 mh-v2-clist--dot\"  >\n\n\n<li>\n    douleur, rougeur ou enflure au point d\u2019injection;    <\/li>\n\n\n\n<li>\n    sentiment de fatigue;    <\/li>\n\n\n\n<li>\n    maux de t\u00eate;    <\/li>\n\n\n\n<li>\n    muscles endoloris.    <\/li>\n\n<\/ul>\n\n\n\n<p\n    class=\"mh-paragraph mh-paragraph--7070b69d16e5091c25e3f4a64b016543\"\n    >\n    Effets secondaires peu fr\u00e9quents, qui pourraient survenir chez plus de 1\u00a0sujet sur 100 et jusqu\u2019\u00e0 1 sur 10\u00a0:<\/p>\n\n\n\n<ul class=\"mh-v2-clist mh-v2-clist--2dab5f79b8fe6086b5ab0380999dbc1a mh-v2-clist--dot\"  >\n\n\n<li>\n    fi\u00e8vre.    <\/li>\n\n<\/ul>\n\n\n\n<p\n    class=\"mh-paragraph mh-paragraph--8df715bf457e78c71364127ffb825aa6\"\n    >\n    Effets secondaires rares, qui pourraient survenir chez plus de 1\u00a0sujet sur 1\u00a0000 et jusqu\u2019\u00e0 1 sur 100\u00a0:<\/p>\n\n\n\n<ul class=\"mh-v2-clist mh-v2-clist--cfd4bcd523ce3fc643421a89b2502e88 mh-v2-clist--dot\"  >\n\n\n<li>\n    diarrh\u00e9e, naus\u00e9es;    <\/li>\n\n\n\n<li>\n    d\u00e9mangeaisons au point d\u2019injection;    <\/li>\n\n\n\n<li>\n    enflure des glandes du cou, des aisselles ou de l\u2019aine;    <\/li>\n\n\n\n<li>\n    frissons;    <\/li>\n\n\n\n<li>\n    \u00e9tourdissements.    <\/li>\n\n<\/ul>\n\n\n\n<p\n    class=\"mh-paragraph mh-paragraph--da5b556e0c581cdf6ff4d6cabf8f9022\"\n    >\n    Voil\u00e0 certains des effets secondaires que vous pourriez ressentir lorsque vous recevez CAPVAXIVE<sup>\u00ae<\/sup>. Certains effets secondaires peuvent ne pas \u00eatre \u00e9num\u00e9r\u00e9s dans le pr\u00e9sent document. Adressez-vous \u00e0 votre professionnel de la sant\u00e9 pour obtenir des renseignements compl\u00e9mentaires.<\/p>\n\n<\/div>\n\n\n<script type=\"text\/javascript\">\n\/* <![CDATA[ *\/\nvar gform;gform||(document.addEventListener(\"gform_main_scripts_loaded\",function(){gform.scriptsLoaded=!0}),document.addEventListener(\"gform\/theme\/scripts_loaded\",function(){gform.themeScriptsLoaded=!0}),window.addEventListener(\"DOMContentLoaded\",function(){gform.domLoaded=!0}),gform={domLoaded:!1,scriptsLoaded:!1,themeScriptsLoaded:!1,isFormEditor:()=>\"function\"==typeof InitializeEditor,callIfLoaded:function(o){return!(!gform.domLoaded||!gform.scriptsLoaded||!gform.themeScriptsLoaded&&!gform.isFormEditor()||(gform.isFormEditor()&&console.warn(\"The use of gform.initializeOnLoaded() is deprecated in the form editor context and will be removed in Gravity Forms 3.1.\"),o(),0))},initializeOnLoaded:function(o){gform.callIfLoaded(o)||(document.addEventListener(\"gform_main_scripts_loaded\",()=>{gform.scriptsLoaded=!0,gform.callIfLoaded(o)}),document.addEventListener(\"gform\/theme\/scripts_loaded\",()=>{gform.themeScriptsLoaded=!0,gform.callIfLoaded(o)}),window.addEventListener(\"DOMContentLoaded\",()=>{gform.domLoaded=!0,gform.callIfLoaded(o)}))},hooks:{action:{},filter:{}},addAction:function(o,r,e,t){gform.addHook(\"action\",o,r,e,t)},addFilter:function(o,r,e,t){gform.addHook(\"filter\",o,r,e,t)},doAction:function(o){gform.doHook(\"action\",o,arguments)},applyFilters:function(o){return gform.doHook(\"filter\",o,arguments)},removeAction:function(o,r){gform.removeHook(\"action\",o,r)},removeFilter:function(o,r,e){gform.removeHook(\"filter\",o,r,e)},addHook:function(o,r,e,t,n){null==gform.hooks[o][r]&&(gform.hooks[o][r]=[]);var d=gform.hooks[o][r];null==n&&(n=r+\"_\"+d.length),gform.hooks[o][r].push({tag:n,callable:e,priority:t=null==t?10:t})},doHook:function(r,o,e){var t;if(e=Array.prototype.slice.call(e,1),null!=gform.hooks[r][o]&&((o=gform.hooks[r][o]).sort(function(o,r){return o.priority-r.priority}),o.forEach(function(o){\"function\"!=typeof(t=o.callable)&&(t=window[t]),\"action\"==r?t.apply(null,e):e[0]=t.apply(null,e)})),\"filter\"==r)return e[0]},removeHook:function(o,r,t,n){var e;null!=gform.hooks[o][r]&&(e=(e=gform.hooks[o][r]).filter(function(o,r,e){return!!(null!=n&&n!=o.tag||null!=t&&t!=o.priority)}),gform.hooks[o][r]=e)}});\n\/* ]]> *\/\n<\/script>\n\n                <div class='gf_browser_gecko gform_wrapper gravity-theme gform-theme--no-framework' data-form-theme='gravity-theme' data-form-index='0' id='gform_wrapper_3' ><form method='post' enctype='multipart\/form-data'  id='gform_3'  action='\/fr\/wp-json\/wp\/v2\/pages\/1816' data-formid='3' novalidate>\n                        <div class='gform-body gform_body'><div id='gform_fields_3' class='gform_fields top_label form_sublabel_below description_below validation_below'><div id=\"field_3_2\" class=\"gfield gfield--type-honeypot gform_validation_container field_sublabel_below gfield--has-description field_description_below field_validation_below gfield_visibility_visible\"  ><label class='gfield_label gform-field-label' for='input_3_2'>Facebook<\/label><div class='ginput_container'><input name='input_2' id='input_3_2' type='text' value='' autocomplete='new-password'\/><\/div><div class='gfield_description' id='gfield_description_3_2'>This field is for validation purposes and should be left unchanged.<\/div><\/div><div id=\"field_3_1\" class=\"gfield gfield--type-html gfield--input-type-html gfield_html gfield_html_formatted gfield_no_follows_desc field_sublabel_below gfield--no-description field_description_below field_validation_below gfield_visibility_visible\"  ><style>\n.mh-back-to-top-link {\nbackground: #273F67 !important;\nborder-radius: 50% !important;\n\n}\n#gform_wrapper_3{\ndisplay: none !important;\n}\n\n.mh-topbar a{\ncolor: #273F67 !important;\n font-weight: 700 !important;\n}\n.mh-footer-menu{\nfont-weight: 700;\n}\n#mh_primary{\nfont-weight: 700;\n}\n\n#footer-menu-item-21520 .ot-sdk-show-settings {\n  font-weight: 700 !important;\n}\n\n#footer-menu-item-1687{\ncolor: #273F67 !important;\nFont-weight: 700 !important;\n}\n\n@media screen and (max-width: 1200px) {\n#accordion-menu-item-1818{\ntext-align: left !important;\n}\n#accordion-menu-item-1821{\ntext-align: left !important;\n}\n\n#accordion-menu-item-1820{\ntext-align: left !important;\n}\n\n}\n@media screen and (max-width: 1199px) {\n.whitesp{\nwhite-space: normal !important;\n}\n.nomob{\ndisplay: none !important;\n}\n\n}\n\n<\/style>\n\n<script>\ndocument.addEventListener(\"DOMContentLoaded\", function () {\n  document.addEventListener(\"click\", function (e) {\n    const closeBtn = e.target.closest(\".mh-announcement-dialog__close-button\");\n    \n    if (closeBtn) {\n      \/\/ Wait a tiny bit so popup can close first\n      setTimeout(function () {\n        window.location.href = \"https:\/\/capvaxive.ca\/fr\/\";\n      }, 100);\n    }\n  });\n});\n\n\ndocument.addEventListener(\"DOMContentLoaded\", function () {\n\n  var el = document.querySelector(\"#mh_back_to_top_link .screen-reader-text\");\n\n  if (el) {\n    el.textContent = \"Retourner au haut de la page.\";\n  }\n\n});\n\ndocument.addEventListener(\"DOMContentLoaded\", function () {\n\n  \/\/ Function to update aria-label\n  function updateCloseButtonLabel() {\n    var btn = document.querySelector(\".mh-announcement-dialog__close-button\");\n    if (btn) {\n      btn.setAttribute(\"aria-label\", \"Cliquez pour fermer\");\n    }\n  }\n\n  \/\/ Initial attempt in case button is already in DOM\n  updateCloseButtonLabel();\n\n  \/\/ Observe DOM changes in case button is added later\n  var observer = new MutationObserver(function(mutationsList, observer) {\n    updateCloseButtonLabel();\n  });\n\n  observer.observe(document.body, { childList: true, subtree: true });\n\n});\n\n\n\n<\/script>\n\n<\/div><\/div><\/div>\n        <div class='gform-footer gform_footer top_label'> <input type='submit' id='gform_submit_button_3' class='gform_button button' onclick='gform.submission.handleButtonClick(this);' data-submission-type='submit' value='Submit'  \/> \n            <input type='hidden' class='gform_hidden' name='gform_submission_method' data-js='gform_submission_method_3' value='postback' \/>\n            <input type='hidden' class='gform_hidden' name='gform_theme' data-js='gform_theme_3' id='gform_theme_3' value='gravity-theme' \/>\n            <input type='hidden' class='gform_hidden' name='gform_style_settings' data-js='gform_style_settings_3' id='gform_style_settings_3' value='{&quot;inputPrimaryColor&quot;:&quot;#204ce5&quot;}' \/>\n            <input type='hidden' class='gform_hidden' name='is_submit_3' value='1' \/>\n            <input type='hidden' class='gform_hidden' name='gform_submit' value='3' \/>\n            \n            <input type='hidden' class='gform_hidden' name='gform_currency' data-currency='USD' value='qbIr6uI\/Ni+O7me676YxJNsJy2Oc92oAO+masum+imaqfCbNGDUQIHenACAgoDpHmQ7cS+ap8ePrl2m5id\/lABo6ebE3hsv1rnn9NUy4ULS1yfA=' \/>\n            <input type='hidden' class='gform_hidden' name='gform_unique_id' value='' \/>\n            <input type='hidden' class='gform_hidden' name='state_3' value='WyJbXSIsIjQ0ZGQ5ZDhkNDI3ZWM0YmEyZGU1NmE3MTAzNWZiMDE5Il0=' \/>\n            <input type='hidden' autocomplete='off' class='gform_hidden' name='gform_target_page_number_3' id='gform_target_page_number_3' value='0' \/>\n            <input type='hidden' autocomplete='off' class='gform_hidden' name='gform_source_page_number_3' id='gform_source_page_number_3' value='1' \/>\n            <input type='hidden' name='gform_field_values' value='' \/>\n            \n        <\/div>\n                        <\/form>\n                        <\/div><script type=\"text\/javascript\">\n\/* <![CDATA[ *\/\n gform.initializeOnLoaded( function() {gformInitSpinner( 3, 'https:\/\/capvaxive.ca\/fr\/wp-content\/plugins\/gravityforms\/images\/spinner.svg', true );jQuery('#gform_ajax_frame_3').on('load',function(){var contents = jQuery(this).contents().find('*').html();var is_postback = contents.indexOf('GF_AJAX_POSTBACK') >= 0;if(!is_postback){return;}var form_content = jQuery(this).contents().find('#gform_wrapper_3');var is_confirmation = jQuery(this).contents().find('#gform_confirmation_wrapper_3').length > 0;var is_redirect = contents.indexOf('gformRedirect(){') >= 0;var is_form = form_content.length > 0 && ! is_redirect && ! is_confirmation;var mt = parseInt(jQuery('html').css('margin-top'), 10) + parseInt(jQuery('body').css('margin-top'), 10) + 100;if(is_form){jQuery('#gform_wrapper_3').html(form_content.html());if(form_content.hasClass('gform_validation_error')){jQuery('#gform_wrapper_3').addClass('gform_validation_error');} else {jQuery('#gform_wrapper_3').removeClass('gform_validation_error');}setTimeout( function() { \/* delay the scroll by 50 milliseconds to fix a bug in chrome *\/  }, 50 );if(window['gformInitDatepicker']) {gformInitDatepicker();}if(window['gformInitPriceFields']) {gformInitPriceFields();}var current_page = jQuery('#gform_source_page_number_3').val();gformInitSpinner( 3, 'https:\/\/capvaxive.ca\/fr\/wp-content\/plugins\/gravityforms\/images\/spinner.svg', true );jQuery(document).trigger('gform_page_loaded', [3, current_page]);window['gf_submitting_3'] = false;}else if(!is_redirect){var confirmation_content = jQuery(this).contents().find('.GF_AJAX_POSTBACK').html();if(!confirmation_content){confirmation_content = contents;}jQuery('#gform_wrapper_3').replaceWith(confirmation_content);jQuery(document).trigger('gform_confirmation_loaded', [3]);window['gf_submitting_3'] = false;wp.a11y.speak(jQuery('#gform_confirmation_message_3').text());}else{jQuery('#gform_3').append(contents);if(window['gformRedirect']) {gformRedirect();}}jQuery(document).trigger(\"gform_pre_post_render\", [{ formId: \"3\", currentPage: \"current_page\", abort: function() { this.preventDefault(); } }]);        if (event && event.defaultPrevented) {                return;        }        const gformWrapperDiv = document.getElementById( \"gform_wrapper_3\" );        if ( gformWrapperDiv ) {            const visibilitySpan = document.createElement( \"span\" );            visibilitySpan.id = \"gform_visibility_test_3\";            gformWrapperDiv.insertAdjacentElement( \"afterend\", visibilitySpan );        }        const visibilityTestDiv = document.getElementById( \"gform_visibility_test_3\" );        let postRenderFired = false;        function triggerPostRender() {            if ( postRenderFired ) {                return;            }            postRenderFired = true;            gform.core.triggerPostRenderEvents( 3, current_page );            if ( visibilityTestDiv ) {                visibilityTestDiv.parentNode.removeChild( visibilityTestDiv );            }        }        function debounce( func, wait, immediate ) {            var timeout;            return function() {                var context = this, args = arguments;                var later = function() {                    timeout = null;                    if ( !immediate ) func.apply( context, args );                };                var callNow = immediate && !timeout;                clearTimeout( timeout );                timeout = setTimeout( later, wait );                if ( callNow ) func.apply( context, args );            };        }        const debouncedTriggerPostRender = debounce( function() {            triggerPostRender();        }, 200 );        if ( visibilityTestDiv && visibilityTestDiv.offsetParent === null ) {            const observer = new MutationObserver( ( mutations ) => {                mutations.forEach( ( mutation ) => {                    if ( mutation.type === 'attributes' && visibilityTestDiv.offsetParent !== null ) {                        debouncedTriggerPostRender();                        observer.disconnect();                    }                });            });            observer.observe( document.body, {                attributes: true,                childList: false,                subtree: true,                attributeFilter: [ 'style', 'class' ],            });        } else {            triggerPostRender();        }    } );} ); \n\/* ]]> *\/\n<\/script>\n","protected":false},"excerpt":{"rendered":"","protected":false},"author":1033,"featured_media":0,"parent":0,"menu_order":0,"comment_status":"closed","ping_status":"closed","template":"blank-canvas-template.php","meta":{"_mh_page_language":"fr_FR","_mh_page_is_rtl":false,"editor_notices":[],"footnotes":""},"ga4_page_audience":[],"ga4_page_birn_id":[],"ga4_page_branding":[],"ga4_page_businessunit":[],"ga4_page_campaign":[],"ga4_page_content_purpose":[],"ga4_page_customer_journey_stage":[],"ga4_page_customer_specialty":[],"ga4_page_experience":[],"ga4_page_indication":[],"ga4_page_material_intent":[],"ga4_page_product":[],"ga4_page_region":[],"ga4_page_therapeuticarea":[],"class_list":["post-1816","page","type-page","status-publish","hentry"],"yoast_head":"<!-- This site is optimized with the Yoast SEO plugin v23.9 - https:\/\/yoast.com\/wordpress\/plugins\/seo\/ -->\n<title>Renseignements sur l\u2019innocuit\u00e9<\/title>\n<meta name=\"robots\" content=\"index, follow, max-snippet:-1, max-image-preview:large, max-video-preview:-1\" \/>\n<link rel=\"canonical\" href=\"https:\/\/capvaxive.ca\/fr\/renseignements-sur-linnocuite\/\" \/>\n<meta property=\"og:locale\" content=\"fr_FR\" \/>\n<meta property=\"og:type\" content=\"article\" \/>\n<meta property=\"og:title\" content=\"Renseignements sur l\u2019innocuit\u00e9\" \/>\n<meta property=\"og:url\" content=\"https:\/\/capvaxive.ca\/fr\/renseignements-sur-linnocuite\/\" \/>\n<meta property=\"og:site_name\" content=\"Capvaxive\" \/>\n<meta property=\"article:modified_time\" content=\"2026-03-25T16:51:24+00:00\" \/>\n<meta name=\"twitter:card\" content=\"summary_large_image\" \/>\n<script type=\"application\/ld+json\" class=\"yoast-schema-graph\">{\"@context\":\"https:\/\/schema.org\",\"@graph\":[{\"@type\":\"WebPage\",\"@id\":\"https:\/\/capvaxive.ca\/fr\/renseignements-sur-linnocuite\/\",\"url\":\"https:\/\/capvaxive.ca\/fr\/renseignements-sur-linnocuite\/\",\"name\":\"Renseignements sur l\u2019innocuit\u00e9\",\"isPartOf\":{\"@id\":\"https:\/\/capvaxive.ca\/fr\/#website\"},\"datePublished\":\"2026-03-12T23:24:43+00:00\",\"dateModified\":\"2026-03-25T16:51:24+00:00\",\"breadcrumb\":{\"@id\":\"https:\/\/capvaxive.ca\/fr\/renseignements-sur-linnocuite\/#breadcrumb\"},\"inLanguage\":\"fr-FR\",\"potentialAction\":[{\"@type\":\"ReadAction\",\"target\":[\"https:\/\/capvaxive.ca\/fr\/renseignements-sur-linnocuite\/\"]}]},{\"@type\":\"BreadcrumbList\",\"@id\":\"https:\/\/capvaxive.ca\/fr\/renseignements-sur-linnocuite\/#breadcrumb\",\"itemListElement\":[{\"@type\":\"ListItem\",\"position\":1,\"name\":\"Home\",\"item\":\"https:\/\/capvaxive.ca\/fr\/\"},{\"@type\":\"ListItem\",\"position\":2,\"name\":\"Renseignements sur l\u2019innocuit\u00e9\"}]},{\"@type\":\"WebSite\",\"@id\":\"https:\/\/capvaxive.ca\/fr\/#website\",\"url\":\"https:\/\/capvaxive.ca\/fr\/\",\"name\":\"Capvaxive\",\"description\":\"CAPVAXIVE\u00ae Vaccin antipneumococcique 21-valent conjugu\u00e9\",\"potentialAction\":[{\"@type\":\"SearchAction\",\"target\":{\"@type\":\"EntryPoint\",\"urlTemplate\":\"https:\/\/capvaxive.ca\/fr\/?s={search_term_string}\"},\"query-input\":{\"@type\":\"PropertyValueSpecification\",\"valueRequired\":true,\"valueName\":\"search_term_string\"}}],\"inLanguage\":\"fr-FR\"}]}<\/script>\n<!-- \/ Yoast SEO plugin. -->","yoast_head_json":{"title":"Renseignements sur l\u2019innocuit\u00e9","robots":{"index":"index","follow":"follow","max-snippet":"max-snippet:-1","max-image-preview":"max-image-preview:large","max-video-preview":"max-video-preview:-1"},"canonical":"https:\/\/capvaxive.ca\/fr\/renseignements-sur-linnocuite\/","og_locale":"fr_FR","og_type":"article","og_title":"Renseignements sur l\u2019innocuit\u00e9","og_url":"https:\/\/capvaxive.ca\/fr\/renseignements-sur-linnocuite\/","og_site_name":"Capvaxive","article_modified_time":"2026-03-25T16:51:24+00:00","twitter_card":"summary_large_image","schema":{"@context":"https:\/\/schema.org","@graph":[{"@type":"WebPage","@id":"https:\/\/capvaxive.ca\/fr\/renseignements-sur-linnocuite\/","url":"https:\/\/capvaxive.ca\/fr\/renseignements-sur-linnocuite\/","name":"Renseignements sur l\u2019innocuit\u00e9","isPartOf":{"@id":"https:\/\/capvaxive.ca\/fr\/#website"},"datePublished":"2026-03-12T23:24:43+00:00","dateModified":"2026-03-25T16:51:24+00:00","breadcrumb":{"@id":"https:\/\/capvaxive.ca\/fr\/renseignements-sur-linnocuite\/#breadcrumb"},"inLanguage":"fr-FR","potentialAction":[{"@type":"ReadAction","target":["https:\/\/capvaxive.ca\/fr\/renseignements-sur-linnocuite\/"]}]},{"@type":"BreadcrumbList","@id":"https:\/\/capvaxive.ca\/fr\/renseignements-sur-linnocuite\/#breadcrumb","itemListElement":[{"@type":"ListItem","position":1,"name":"Home","item":"https:\/\/capvaxive.ca\/fr\/"},{"@type":"ListItem","position":2,"name":"Renseignements sur l\u2019innocuit\u00e9"}]},{"@type":"WebSite","@id":"https:\/\/capvaxive.ca\/fr\/#website","url":"https:\/\/capvaxive.ca\/fr\/","name":"Capvaxive","description":"CAPVAXIVE\u00ae Vaccin antipneumococcique 21-valent conjugu\u00e9","potentialAction":[{"@type":"SearchAction","target":{"@type":"EntryPoint","urlTemplate":"https:\/\/capvaxive.ca\/fr\/?s={search_term_string}"},"query-input":{"@type":"PropertyValueSpecification","valueRequired":true,"valueName":"search_term_string"}}],"inLanguage":"fr-FR"}]}},"_links":{"self":[{"href":"https:\/\/capvaxive.ca\/fr\/wp-json\/wp\/v2\/pages\/1816","targetHints":{"allow":["GET"]}}],"collection":[{"href":"https:\/\/capvaxive.ca\/fr\/wp-json\/wp\/v2\/pages"}],"about":[{"href":"https:\/\/capvaxive.ca\/fr\/wp-json\/wp\/v2\/types\/page"}],"author":[{"embeddable":true,"href":"https:\/\/capvaxive.ca\/fr\/wp-json\/wp\/v2\/users\/1033"}],"replies":[{"embeddable":true,"href":"https:\/\/capvaxive.ca\/fr\/wp-json\/wp\/v2\/comments?post=1816"}],"version-history":[{"count":13,"href":"https:\/\/capvaxive.ca\/fr\/wp-json\/wp\/v2\/pages\/1816\/revisions"}],"predecessor-version":[{"id":20416,"href":"https:\/\/capvaxive.ca\/fr\/wp-json\/wp\/v2\/pages\/1816\/revisions\/20416"}],"wp:attachment":[{"href":"https:\/\/capvaxive.ca\/fr\/wp-json\/wp\/v2\/media?parent=1816"}],"wp:term":[{"taxonomy":"ga4_page_audience","embeddable":true,"href":"https:\/\/capvaxive.ca\/fr\/wp-json\/wp\/v2\/ga4_page_audience?post=1816"},{"taxonomy":"ga4_page_birn_id","embeddable":true,"href":"https:\/\/capvaxive.ca\/fr\/wp-json\/wp\/v2\/ga4_page_birn_id?post=1816"},{"taxonomy":"ga4_page_branding","embeddable":true,"href":"https:\/\/capvaxive.ca\/fr\/wp-json\/wp\/v2\/ga4_page_branding?post=1816"},{"taxonomy":"ga4_page_businessunit","embeddable":true,"href":"https:\/\/capvaxive.ca\/fr\/wp-json\/wp\/v2\/ga4_page_businessunit?post=1816"},{"taxonomy":"ga4_page_campaign","embeddable":true,"href":"https:\/\/capvaxive.ca\/fr\/wp-json\/wp\/v2\/ga4_page_campaign?post=1816"},{"taxonomy":"ga4_page_content_purpose","embeddable":true,"href":"https:\/\/capvaxive.ca\/fr\/wp-json\/wp\/v2\/ga4_page_content_purpose?post=1816"},{"taxonomy":"ga4_page_customer_journey_stage","embeddable":true,"href":"https:\/\/capvaxive.ca\/fr\/wp-json\/wp\/v2\/ga4_page_customer_journey_stage?post=1816"},{"taxonomy":"ga4_page_customer_specialty","embeddable":true,"href":"https:\/\/capvaxive.ca\/fr\/wp-json\/wp\/v2\/ga4_page_customer_specialty?post=1816"},{"taxonomy":"ga4_page_experience","embeddable":true,"href":"https:\/\/capvaxive.ca\/fr\/wp-json\/wp\/v2\/ga4_page_experience?post=1816"},{"taxonomy":"ga4_page_indication","embeddable":true,"href":"https:\/\/capvaxive.ca\/fr\/wp-json\/wp\/v2\/ga4_page_indication?post=1816"},{"taxonomy":"ga4_page_material_intent","embeddable":true,"href":"https:\/\/capvaxive.ca\/fr\/wp-json\/wp\/v2\/ga4_page_material_intent?post=1816"},{"taxonomy":"ga4_page_product","embeddable":true,"href":"https:\/\/capvaxive.ca\/fr\/wp-json\/wp\/v2\/ga4_page_product?post=1816"},{"taxonomy":"ga4_page_region","embeddable":true,"href":"https:\/\/capvaxive.ca\/fr\/wp-json\/wp\/v2\/ga4_page_region?post=1816"},{"taxonomy":"ga4_page_therapeuticarea","embeddable":true,"href":"https:\/\/capvaxive.ca\/fr\/wp-json\/wp\/v2\/ga4_page_therapeuticarea?post=1816"}],"curies":[{"name":"wp","href":"https:\/\/api.w.org\/{rel}","templated":true}]}}